{"id":1163,"date":"2019-09-13T14:36:33","date_gmt":"2019-09-13T14:36:33","guid":{"rendered":"http:\/\/www.salamander.it\/?page_id=1163"},"modified":"2021-04-01T16:00:39","modified_gmt":"2021-04-01T16:00:39","slug":"drama-school","status":"publish","type":"page","link":"http:\/\/www.salamander.it\/en\/drama-school\/","title":{"rendered":"DRAMA SCHOOL"},"content":{"rendered":"<p><img loading=\"lazy\" decoding=\"async\" class=\"size-medium wp-image-5283 alignnone\" src=\"http:\/\/www.salamander.it\/wp-content\/uploads\/2019\/12\/DramaSchool2019-205x300.jpg\" alt=\"\" width=\"205\" height=\"300\"><\/p>\r\n<p>Il teatro \u00e8 un luogo aperto in cui tutti possono entrare. Comprendere i meccanismi che rendono il teatro possibile \u00e8 un avventura emozionante che ci porta a scoprire noi stessi, gli altri e la bellezza che ci circonda.<\/p>\r\n<p>Per rispondere all\u2019aspirazione verso il teatro che caratterizza la nostra comunit\u00e0, la Compagnia Salamander ha creato un corso dalle caratteristiche uniche:<\/p>\r\n<p>gli insegnanti sono artisti diplomati nelle migliori accademie e dalla solida esperienza nazionale e internazionale;<\/p>\r\n<p>il metodo d\u2019insegnamento \u00e8 innovativo e si concentra sulla drammaturgia contemporanea;<\/p>\r\n<p>Il corso sa essere, inoltre, un luogo di incontro e partecipazione dove confrontarsi e formare nuove relazioni sociali.<\/p>\r\n<p>E, quel che \u00e8 pi\u00f9 importante, \u00e8 molto divertente!<\/p>\r\n<p>Il corso \u00e8 diretto da Marco Ghelardi, coadiuvato dagli insegnanti Alice Bignone, Francesca Tripaldi e Marco Guerrini. Ha luogo da ottobre a maggio e non sono necessarie conoscenze pregresse. Il corso \u00e8 strutturato in tre moduli (ottobre-novembre-dicembre; gennaio-febbraio-marzo; aprile-maggio), al termine dei quali \u00e8 prevista una presentazione pubblica del lavoro svolto, in proporzione alle caratteristiche specifiche della classe.<\/p>\r\n<p>&nbsp;<\/p>\r\n\n\n<div class=\"su-posts su-posts-default-loop \">\n\n\t\n\t\t\t\t\t\n\t\t\t\n\t\t\t<div id=\"su-post-5838\" class=\"su-post \">\n\n\t\t\t\t\t\t\t\t\t<a class=\"su-post-thumbnail\" href=\"http:\/\/www.salamander.it\/en\/il-magico-se\/\"><img loading=\"lazy\" decoding=\"async\" width=\"1810\" height=\"2560\" src=\"http:\/\/www.salamander.it\/wp-content\/uploads\/2022\/07\/Patto-Giovani_Volantino-A4-HD-scaled.jpg\" class=\"attachment-post-thumbnail size-post-thumbnail wp-post-image\" alt=\"\" srcset=\"http:\/\/www.salamander.it\/wp-content\/uploads\/2022\/07\/Patto-Giovani_Volantino-A4-HD-scaled.jpg 1810w, http:\/\/www.salamander.it\/wp-content\/uploads\/2022\/07\/Patto-Giovani_Volantino-A4-HD-212x300.jpg 212w, http:\/\/www.salamander.it\/wp-content\/uploads\/2022\/07\/Patto-Giovani_Volantino-A4-HD-724x1024.jpg 724w, http:\/\/www.salamander.it\/wp-content\/uploads\/2022\/07\/Patto-Giovani_Volantino-A4-HD-768x1086.jpg 768w, http:\/\/www.salamander.it\/wp-content\/uploads\/2022\/07\/Patto-Giovani_Volantino-A4-HD-1086x1536.jpg 1086w, http:\/\/www.salamander.it\/wp-content\/uploads\/2022\/07\/Patto-Giovani_Volantino-A4-HD-1448x2048.jpg 1448w\" sizes=\"(max-width: 1810px) 100vw, 1810px\" \/><\/a>\n\t\t\t\t\n\t\t\t\t<h2 class=\"su-post-title\"><a href=\"http:\/\/www.salamander.it\/en\/il-magico-se\/\">Il magico SE<\/a><\/h2>\n\n\t\t\t\t<div class=\"su-post-meta\">\n\t\t\t\t\tPosted: 4 July 2022\t\t\t\t<\/div>\n\n\t\t\t\t<div class=\"su-post-excerpt\">\n\t\t\t\t\t<p>Sorry, this entry is only available in Italiano.<\/p>\n\t\t\t\t<\/div>\n\n\t\t\t\t\n\t\t\t<\/div>\n\n\t\t\t\t\t\n\t\t\t\n\t\t\t<div id=\"su-post-1180\" class=\"su-post \">\n\n\t\t\t\t\t\t\t\t\t<a class=\"su-post-thumbnail\" href=\"http:\/\/www.salamander.it\/en\/salamander-drama-school\/\"><img loading=\"lazy\" decoding=\"async\" width=\"273\" height=\"400\" src=\"http:\/\/www.salamander.it\/wp-content\/uploads\/2019\/12\/DramaSchool2019-e1596011245128.jpg\" class=\"attachment-post-thumbnail size-post-thumbnail wp-post-image\" alt=\"\" \/><\/a>\n\t\t\t\t\n\t\t\t\t<h2 class=\"su-post-title\"><a href=\"http:\/\/www.salamander.it\/en\/salamander-drama-school\/\">Salamander Drama School 2019<\/a><\/h2>\n\n\t\t\t\t<div class=\"su-post-meta\">\n\t\t\t\t\tPosted: 31 December 2019\t\t\t\t<\/div>\n\n\t\t\t\t<div class=\"su-post-excerpt\">\n\t\t\t\t\t<p>Sorry, this entry is only available in Italiano.<\/p>\n\t\t\t\t<\/div>\n\n\t\t\t\t\n\t\t\t<\/div>\n\n\t\t\t\t\t\n\t\t\t\n\t\t\t<div id=\"su-post-1297\" class=\"su-post \">\n\n\t\t\t\t\t\t\t\t\t<a class=\"su-post-thumbnail\" href=\"http:\/\/www.salamander.it\/en\/contemporary-approaches-to-shakespeare\/\"><img loading=\"lazy\" decoding=\"async\" width=\"1181\" height=\"1772\" src=\"http:\/\/www.salamander.it\/wp-content\/uploads\/2019\/09\/Contemporary-approaches.jpg\" class=\"attachment-post-thumbnail size-post-thumbnail wp-post-image\" alt=\"\" srcset=\"http:\/\/www.salamander.it\/wp-content\/uploads\/2019\/09\/Contemporary-approaches.jpg 1181w, http:\/\/www.salamander.it\/wp-content\/uploads\/2019\/09\/Contemporary-approaches-200x300.jpg 200w, http:\/\/www.salamander.it\/wp-content\/uploads\/2019\/09\/Contemporary-approaches-768x1152.jpg 768w, http:\/\/www.salamander.it\/wp-content\/uploads\/2019\/09\/Contemporary-approaches-682x1024.jpg 682w\" sizes=\"(max-width: 1181px) 100vw, 1181px\" \/><\/a>\n\t\t\t\t\n\t\t\t\t<h2 class=\"su-post-title\"><a href=\"http:\/\/www.salamander.it\/en\/contemporary-approaches-to-shakespeare\/\">Contemporary Approaches to Shakespeare<\/a><\/h2>\n\n\t\t\t\t<div class=\"su-post-meta\">\n\t\t\t\t\tPosted: 18 September 2019\t\t\t\t<\/div>\n\n\t\t\t\t<div class=\"su-post-excerpt\">\n\t\t\t\t\t<p>Sorry, this entry is only available in Italiano.<\/p>\n\t\t\t\t<\/div>\n\n\t\t\t\t\n\t\t\t<\/div>\n\n\t\t\t\t\t\n\t\t\t\n\t\t\t<div id=\"su-post-1302\" class=\"su-post \">\n\n\t\t\t\t\t\t\t\t\t<a class=\"su-post-thumbnail\" href=\"http:\/\/www.salamander.it\/en\/salamander-drama-school-2\/\"><img loading=\"lazy\" decoding=\"async\" width=\"7360\" height=\"4912\" src=\"http:\/\/www.salamander.it\/wp-content\/uploads\/2019\/09\/Drama-school.jpg\" class=\"attachment-post-thumbnail size-post-thumbnail wp-post-image\" alt=\"\" srcset=\"http:\/\/www.salamander.it\/wp-content\/uploads\/2019\/09\/Drama-school.jpg 7360w, http:\/\/www.salamander.it\/wp-content\/uploads\/2019\/09\/Drama-school-300x200.jpg 300w, http:\/\/www.salamander.it\/wp-content\/uploads\/2019\/09\/Drama-school-768x513.jpg 768w, http:\/\/www.salamander.it\/wp-content\/uploads\/2019\/09\/Drama-school-1024x683.jpg 1024w\" sizes=\"(max-width: 7360px) 100vw, 7360px\" \/><\/a>\n\t\t\t\t\n\t\t\t\t<h2 class=\"su-post-title\"><a href=\"http:\/\/www.salamander.it\/en\/salamander-drama-school-2\/\">Salamander Drama School<\/a><\/h2>\n\n\t\t\t\t<div class=\"su-post-meta\">\n\t\t\t\t\tPosted: 18 September 2018\t\t\t\t<\/div>\n\n\t\t\t\t<div class=\"su-post-excerpt\">\n\t\t\t\t\t<p>Sorry, this entry is only available in Italiano.<\/p>\n\t\t\t\t<\/div>\n\n\t\t\t\t\n\t\t\t<\/div>\n\n\t\t\n\t\n<\/div>\n\r\n<p>&nbsp;<\/p>\r\n<p>&nbsp;<\/p>","protected":false},"excerpt":{"rendered":"<p>Il teatro \u00e8 un luogo aperto in cui tutti possono entrare. Comprendere i meccanismi che rendono il teatro possibile \u00e8 un avventura emozionante che ci porta a scoprire noi stessi, gli altri e la bellezza che ci circonda. Per rispondere all\u2019aspirazione verso il teatro che caratterizza la nostra comunit\u00e0, la Compagnia Salamander ha creato un&#8230; <\/p>\n","protected":false},"author":1,"featured_media":0,"parent":0,"menu_order":0,"comment_status":"closed","ping_status":"closed","template":"no-sidebar.php","meta":{"ngg_post_thumbnail":0,"footnotes":""},"_links":{"self":[{"href":"http:\/\/www.salamander.it\/en\/wp-json\/wp\/v2\/pages\/1163"}],"collection":[{"href":"http:\/\/www.salamander.it\/en\/wp-json\/wp\/v2\/pages"}],"about":[{"href":"http:\/\/www.salamander.it\/en\/wp-json\/wp\/v2\/types\/page"}],"author":[{"embeddable":true,"href":"http:\/\/www.salamander.it\/en\/wp-json\/wp\/v2\/users\/1"}],"replies":[{"embeddable":true,"href":"http:\/\/www.salamander.it\/en\/wp-json\/wp\/v2\/comments?post=1163"}],"version-history":[{"count":34,"href":"http:\/\/www.salamander.it\/en\/wp-json\/wp\/v2\/pages\/1163\/revisions"}],"predecessor-version":[{"id":5719,"href":"http:\/\/www.salamander.it\/en\/wp-json\/wp\/v2\/pages\/1163\/revisions\/5719"}],"wp:attachment":[{"href":"http:\/\/www.salamander.it\/en\/wp-json\/wp\/v2\/media?parent=1163"}],"curies":[{"name":"wp","href":"https:\/\/api.w.org\/{rel}","templated":true}]}}